{"id":254,"date":"2025-11-11T18:13:14","date_gmt":"2025-11-11T18:13:14","guid":{"rendered":"https:\/\/silverio.silverio.pt\/?page_id=254"},"modified":"2026-02-16T21:16:30","modified_gmt":"2026-02-16T21:16:30","slug":"home","status":"publish","type":"page","link":"https:\/\/silverio.silverio.pt\/","title":{"rendered":"Home"},"content":{"rendered":"\n\n\n\n\n\n\n<h2>Sobre N\u00f3s<\/h2>\n\n\n\n<h2>Silv\u00e9rio &amp; Silv\u00e9rio<\/h2>\n\n\n\n<h2><strong>A empresa SILV\u00c9RIO &amp; SILV\u00c9RIO, Lda. iniciou-se em 1990, com sede em EN 4 \u2013 Lugar dos Afonsos \u2013 Peg\u00f5es, crescendo\u00a0depois para uma filial na Zona Industrial da Boavista dos Pinheiros \u2013 Odemira. A sua actividade consiste na comercializa\u00e7\u00e3o e instala\u00e7\u00e3o de equipamentos electromec\u00e2nicos para fins agr\u00edcolas, industriais e espa\u00e7os verdes, sistemas de rega, condutas em tubos PEAD soldados, filtragem, reservat\u00f3rios e telas de revestimento, e um variado conjunto de acess\u00f3rios.<\/strong><\/h2>\n\n\n\n\n\n\n\n\n\n\n\n\n\n\n\n\n\n\n\n\n\n\n\n\n\n\n\n\n\n\n\n\n\n\n\n\n\n\n\n\n\n\n\n\n\n\n\n\n\n\n\n\n\n\n\n\n\n\n\n\n\n\n\n<p><span style=\"color:#444444;\">Nossos produtos unem qualidade e modernidade, garantindo uma melhor efici\u00eancia e dura\u00e7\u00e3o<\/span>.<br><\/p>\n\n\n\n\n\n<p><span style=\"color:#444444;\">A equipe da Silv\u00e9rio &amp; Silv\u00e9rio est\u00e1 sempre pronta para atender suas necessidades, oferecendo suporte e consultoria em cada etapa.<\/span><\/p>\n\n\n\n\n\n<p><span style=\"color:#444444;\">Nosso compromisso \u00e9 com a sustentabilidade, utilizando materiais que respeitam o meio ambiente e promovem a conserva\u00e7\u00e3o.<\/span><\/p>\n\n\n\n\n\n\n\n\n\n\n\n\n\n<h2>Valores Fundamentais<\/h2>\n\n\n\nNosso compromisso vai al\u00e9m da constru\u00e7\u00e3o; atuamos de maneira respons\u00e1vel com a comunidade e o meio ambiente.\n\n\n\nEstamos focados em ser l\u00edderes no mercado, trazendo solu\u00e7\u00f5es inovadoras e de alta qualidade.\n\n\n\nUtiliza\u00e7\u00e3o dos melhor produtos e servi\u00e7os para a total satisfa\u00e7\u00e3o do cliente.\n\n\n\n\n\n\n\n\n\n<h2>Entre em Contato Conosco<\/h2>\n\n\n\n\n\n\n\n\n\n\n\n<h2>Nosso Portf\u00f3lio<\/h2>\n\n\n\n\n\n\n\n\n\n<h2><br>Sistemas de Bombagem<\/h2>\n\n\n\n<h2>Submersiveis <br>Centrifugas <br>Motobombas<br><br> <\/h2>\n\n\n\n\n\n\n\n\n\n<h2>Sistemas de Rega gota-a-gota<\/h2>\n\n\n\n<h2>Tubo gotejador<br>Fita de rega<br> <\/h2>\n\n\n\n\n\n\n\n\n\n<h2>Sistemas de Rega por aspers\u00e3o<\/h2>\n\n\n\n<h2>Pivot<br>Canh\u00f5es de rega<br>Aspersores<br><br><\/h2>\n\n\n\n\n\n\n\n\n\n<h2>Soldaduras em PEAD<\/h2>\n\n\n\n<h2>Topo a topo<br>Electrosoldadura<br>Extrus\u00e3o<br><\/h2>\n\n\n\n\n\n\n\n\n\n<h2>Depoimentos de Nossos Clientes<\/h2>\n\n\n\n<h2>O que nossos clientes dizem<\/h2>\n\n\n\n\n\n\n\n\n\n\n\n\n\n&#8220;Excelente atendimento e produtos de alt\u00edssima qualidade. Super recomendo!&#8221;\n\n\n","protected":false},"excerpt":{"rendered":"","protected":false},"author":1,"featured_media":290,"parent":0,"menu_order":0,"comment_status":"closed","ping_status":"closed","template":"","meta":{"pagelayer_contact_templates":[],"_pagelayer_content":"","footnotes":""},"class_list":["post-254","page","type-page","status-publish","has-post-thumbnail","hentry"],"_links":{"self":[{"href":"https:\/\/silverio.silverio.pt\/index.php?rest_route=\/wp\/v2\/pages\/254","targetHints":{"allow":["GET"]}}],"collection":[{"href":"https:\/\/silverio.silverio.pt\/index.php?rest_route=\/wp\/v2\/pages"}],"about":[{"href":"https:\/\/silverio.silverio.pt\/index.php?rest_route=\/wp\/v2\/types\/page"}],"author":[{"embeddable":true,"href":"https:\/\/silverio.silverio.pt\/index.php?rest_route=\/wp\/v2\/users\/1"}],"replies":[{"embeddable":true,"href":"https:\/\/silverio.silverio.pt\/index.php?rest_route=%2Fwp%2Fv2%2Fcomments&post=254"}],"version-history":[{"count":7,"href":"https:\/\/silverio.silverio.pt\/index.php?rest_route=\/wp\/v2\/pages\/254\/revisions"}],"predecessor-version":[{"id":294,"href":"https:\/\/silverio.silverio.pt\/index.php?rest_route=\/wp\/v2\/pages\/254\/revisions\/294"}],"wp:featuredmedia":[{"embeddable":true,"href":"https:\/\/silverio.silverio.pt\/index.php?rest_route=\/wp\/v2\/media\/290"}],"wp:attachment":[{"href":"https:\/\/silverio.silverio.pt\/index.php?rest_route=%2Fwp%2Fv2%2Fmedia&parent=254"}],"curies":[{"name":"wp","href":"https:\/\/api.w.org\/{rel}","templated":true}]}}