{"id":255,"date":"2025-11-11T18:13:14","date_gmt":"2025-11-11T18:13:14","guid":{"rendered":"https:\/\/silverio.silverio.pt\/?page_id=255"},"modified":"2025-11-11T18:13:14","modified_gmt":"2025-11-11T18:13:14","slug":"services","status":"publish","type":"page","link":"https:\/\/silverio.silverio.pt\/?page_id=255","title":{"rendered":"Services"},"content":{"rendered":"\n\n\n\n\n\n\n\n\n\n\n\n\n<h2>Nossas Propostas \u00danicas<\/h2>\n<h2>Oferecemos decora\u00e7\u00e3o que combina eleg\u00e2ncia, qualidade e personaliza\u00e7\u00e3o para cada cliente.<\/h2>\n\nCompromisso com a Qualidade\nInova\u00e7\u00e3o Constante\n\n\n\nNossa miss\u00e3o \u00e9 superar suas expectativas com produtos e servi\u00e7os de alta qualidade, sempre buscando a excel\u00eancia.\nEstamos sempre em busca de novas ideias e tend\u00eancias que agreguem valor \u00e0 sua experi\u00eancia de decora\u00e7\u00e3o.\n\n\n\n\n\n\n\n<h2>Nosso Portf\u00f3lio<\/h2>\n<h2>Veja algumas de nossas obras e projetos realizados, cada um com um toque exclusivo de criatividade e classe.<\/h2>\n\n\nUm delicioso mix de tradi\u00e7\u00e3o e inova\u00e7\u00e3o, criando ambientes aconchegantes e sofisticados.\n\n\nPe\u00e7as que contam hist\u00f3rias e trazem um ar de requinte para qualquer espa\u00e7o.\n\n\nCelebramos momentos especiais com decora\u00e7\u00e3o personalizada e de alta qualidade.\n\n\n\n\n\n<h2>Destaques dos Nossos Produtos<\/h2>\n\n\n\n\n<p><span style=\"color:#444444;\">Nossos produtos unem tradi\u00e7\u00e3o e modernidade, garantindo uma experi\u00eancia de decora\u00e7\u00e3o \u00fanica e refinada.<\/span><\/p>\n\n\n<p><span style=\"color:#444444;\">A equipe da Silv&eacute;rio &amp; Silv&eacute;rio est\u00e1 sempre pronta para atender suas necessidades, oferecendo suporte e consultoria em cada etapa.<\/span><\/p>\n\n\n<p><span style=\"color:#444444;\">Nosso compromisso \u00e9 com a sustentabilidade, utilizando materiais que respeitam o meio ambiente e promovem a conserva\u00e7\u00e3o.<\/span><\/p>\n\n\n\n\n<h1>Nossos Servi\u00e7os<\/h1>\n<h1>Nossos Servi\u00e7os<\/h1>\n\n\n\n\n\n\n\n\n\n\n\n\n\n\n\n\n\n\n\n\n\n\n\n","protected":false},"excerpt":{"rendered":"","protected":false},"author":1,"featured_media":0,"parent":0,"menu_order":0,"comment_status":"closed","ping_status":"closed","template":"","meta":{"pagelayer_contact_templates":[],"_pagelayer_content":"","footnotes":""},"class_list":["post-255","page","type-page","status-publish","hentry"],"_links":{"self":[{"href":"https:\/\/silverio.silverio.pt\/index.php?rest_route=\/wp\/v2\/pages\/255","targetHints":{"allow":["GET"]}}],"collection":[{"href":"https:\/\/silverio.silverio.pt\/index.php?rest_route=\/wp\/v2\/pages"}],"about":[{"href":"https:\/\/silverio.silverio.pt\/index.php?rest_route=\/wp\/v2\/types\/page"}],"author":[{"embeddable":true,"href":"https:\/\/silverio.silverio.pt\/index.php?rest_route=\/wp\/v2\/users\/1"}],"replies":[{"embeddable":true,"href":"https:\/\/silverio.silverio.pt\/index.php?rest_route=%2Fwp%2Fv2%2Fcomments&post=255"}],"version-history":[{"count":0,"href":"https:\/\/silverio.silverio.pt\/index.php?rest_route=\/wp\/v2\/pages\/255\/revisions"}],"wp:attachment":[{"href":"https:\/\/silverio.silverio.pt\/index.php?rest_route=%2Fwp%2Fv2%2Fmedia&parent=255"}],"curies":[{"name":"wp","href":"https:\/\/api.w.org\/{rel}","templated":true}]}}